{"id":268,"date":"2024-04-07T07:54:26","date_gmt":"2024-04-07T05:54:26","guid":{"rendered":"https:\/\/lafabrica.gt\/?page_id=268"},"modified":"2024-04-08T18:54:07","modified_gmt":"2024-04-08T16:54:07","slug":"sobre-nosotros","status":"publish","type":"page","link":"https:\/\/lafabrica.gt\/index.php\/sobre-nosotros\/","title":{"rendered":"Sobre Nosotros"},"content":{"rendered":"\t\t<div data-elementor-type=\"wp-page\" data-elementor-id=\"268\" class=\"elementor elementor-268\" data-elementor-post-type=\"page\">\n\t\t\t\t<div class=\"elementor-element elementor-element-ea1a481 e-con-full e-flex e-con e-parent\" data-id=\"ea1a481\" data-element_type=\"container\" data-e-type=\"container\" data-settings=\"{&quot;background_background&quot;:&quot;classic&quot;,&quot;sticky&quot;:&quot;top&quot;,&quot;sticky_on&quot;:[&quot;desktop&quot;,&quot;tablet&quot;,&quot;mobile&quot;],&quot;sticky_offset&quot;:0,&quot;sticky_effects_offset&quot;:0,&quot;sticky_anchor_link_offset&quot;:0}\">\n\t\t<div class=\"elementor-element elementor-element-f71cf0c e-con-full e-flex e-con e-child\" data-id=\"f71cf0c\" data-element_type=\"container\" data-e-type=\"container\">\n\t\t\t\t<div class=\"elementor-element elementor-element-3cee884 elementor-widget elementor-widget-text-editor\" data-id=\"3cee884\" data-element_type=\"widget\" data-e-type=\"widget\" data-widget_type=\"text-editor.default\">\n\t\t\t\t<div class=\"elementor-widget-container\">\n\t\t\t\t\t\t\t\t\t<p><a href=\"https:\/\/lafabrica.gt\"><img fetchpriority=\"high\" decoding=\"async\" class=\"alignnone wp-image-33 size-full\" src=\"http:\/\/lafabrica.gt\/wp-content\/uploads\/2024\/04\/logoweb1.png\" alt=\"\" width=\"500\" height=\"165\" srcset=\"https:\/\/lafabrica.gt\/wp-content\/uploads\/2024\/04\/logoweb1.png 500w, https:\/\/lafabrica.gt\/wp-content\/uploads\/2024\/04\/logoweb1-300x99.png 300w\" sizes=\"(max-width: 500px) 100vw, 500px\" \/><\/a><\/p>\t\t\t\t\t\t\t\t<\/div>\n\t\t\t\t<\/div>\n\t\t\t\t<\/div>\n\t\t<div class=\"elementor-element elementor-element-bb7f0ee e-con-full e-flex e-con e-child\" data-id=\"bb7f0ee\" data-element_type=\"container\" data-e-type=\"container\">\n\t\t\t\t<div class=\"elementor-element elementor-element-8e67581 elementor-nav-menu__align-center elementor-nav-menu--stretch elementor-nav-menu--dropdown-tablet elementor-nav-menu__text-align-aside elementor-nav-menu--toggle elementor-nav-menu--burger elementor-widget elementor-widget-nav-menu\" data-id=\"8e67581\" data-element_type=\"widget\" data-e-type=\"widget\" data-settings=\"{&quot;full_width&quot;:&quot;stretch&quot;,&quot;layout&quot;:&quot;horizontal&quot;,&quot;submenu_icon&quot;:{&quot;value&quot;:&quot;&lt;svg class=\\&quot;e-font-icon-svg e-fas-caret-down\\&quot; viewBox=\\&quot;0 0 320 512\\&quot; xmlns=\\&quot;http:\\\/\\\/www.w3.org\\\/2000\\\/svg\\&quot;&gt;&lt;path d=\\&quot;M31.3 192h257.3c17.8 0 26.7 21.5 14.1 34.1L174.1 354.8c-7.8 7.8-20.5 7.8-28.3 0L17.2 226.1C4.6 213.5 13.5 192 31.3 192z\\&quot;&gt;&lt;\\\/path&gt;&lt;\\\/svg&gt;&quot;,&quot;library&quot;:&quot;fa-solid&quot;},&quot;toggle&quot;:&quot;burger&quot;}\" data-widget_type=\"nav-menu.default\">\n\t\t\t\t<div class=\"elementor-widget-container\">\n\t\t\t\t\t\t\t\t<nav aria-label=\"Menu\" class=\"elementor-nav-menu--main elementor-nav-menu__container elementor-nav-menu--layout-horizontal e--pointer-underline e--animation-fade\">\n\t\t\t\t<ul id=\"menu-1-8e67581\" class=\"elementor-nav-menu\"><li class=\"menu-item menu-item-type-post_type menu-item-object-page menu-item-home menu-item-274\"><a href=\"https:\/\/lafabrica.gt\/\" class=\"elementor-item\">Servicios<\/a><\/li>\n<li class=\"menu-item menu-item-type-post_type menu-item-object-page menu-item-277\"><a href=\"https:\/\/lafabrica.gt\/index.php\/sobre-nosotros\/\" class=\"elementor-item\">Sobre Nosotros<\/a><\/li>\n<li class=\"menu-item menu-item-type-post_type menu-item-object-page menu-item-275\"><a href=\"https:\/\/lafabrica.gt\/index.php\/contactanos\/\" class=\"elementor-item\">Cont\u00e1ctanos<\/a><\/li>\n<li class=\"menu-item menu-item-type-post_type menu-item-object-page menu-item-276\"><a href=\"https:\/\/lafabrica.gt\/index.php\/cotiza\/\" class=\"elementor-item\">Cotiza<\/a><\/li>\n<\/ul>\t\t\t<\/nav>\n\t\t\t\t\t<div class=\"elementor-menu-toggle\" role=\"button\" tabindex=\"0\" aria-label=\"Menu Toggle\" aria-expanded=\"false\">\n\t\t\t<svg aria-hidden=\"true\" role=\"presentation\" class=\"elementor-menu-toggle__icon--open e-font-icon-svg e-eicon-menu-bar\" viewBox=\"0 0 1000 1000\" xmlns=\"http:\/\/www.w3.org\/2000\/svg\"><path d=\"M104 333H896C929 333 958 304 958 271S929 208 896 208H104C71 208 42 237 42 271S71 333 104 333ZM104 583H896C929 583 958 554 958 521S929 458 896 458H104C71 458 42 487 42 521S71 583 104 583ZM104 833H896C929 833 958 804 958 771S929 708 896 708H104C71 708 42 737 42 771S71 833 104 833Z\"><\/path><\/svg><svg aria-hidden=\"true\" role=\"presentation\" class=\"elementor-menu-toggle__icon--close e-font-icon-svg e-eicon-close\" viewBox=\"0 0 1000 1000\" xmlns=\"http:\/\/www.w3.org\/2000\/svg\"><path d=\"M742 167L500 408 258 167C246 154 233 150 217 150 196 150 179 158 167 167 154 179 150 196 150 212 150 229 154 242 171 254L408 500 167 742C138 771 138 800 167 829 196 858 225 858 254 829L496 587 738 829C750 842 767 846 783 846 800 846 817 842 829 829 842 817 846 804 846 783 846 767 842 750 829 737L588 500 833 258C863 229 863 200 833 171 804 137 775 137 742 167Z\"><\/path><\/svg>\t\t<\/div>\n\t\t\t\t\t<nav class=\"elementor-nav-menu--dropdown elementor-nav-menu__container\" aria-hidden=\"true\">\n\t\t\t\t<ul id=\"menu-2-8e67581\" class=\"elementor-nav-menu\"><li class=\"menu-item menu-item-type-post_type menu-item-object-page menu-item-home menu-item-274\"><a href=\"https:\/\/lafabrica.gt\/\" class=\"elementor-item\" tabindex=\"-1\">Servicios<\/a><\/li>\n<li class=\"menu-item menu-item-type-post_type menu-item-object-page menu-item-277\"><a href=\"https:\/\/lafabrica.gt\/index.php\/sobre-nosotros\/\" class=\"elementor-item\" tabindex=\"-1\">Sobre Nosotros<\/a><\/li>\n<li class=\"menu-item menu-item-type-post_type menu-item-object-page menu-item-275\"><a href=\"https:\/\/lafabrica.gt\/index.php\/contactanos\/\" class=\"elementor-item\" tabindex=\"-1\">Cont\u00e1ctanos<\/a><\/li>\n<li class=\"menu-item menu-item-type-post_type menu-item-object-page menu-item-276\"><a href=\"https:\/\/lafabrica.gt\/index.php\/cotiza\/\" class=\"elementor-item\" tabindex=\"-1\">Cotiza<\/a><\/li>\n<\/ul>\t\t\t<\/nav>\n\t\t\t\t\t\t<\/div>\n\t\t\t\t<\/div>\n\t\t\t\t<\/div>\n\t\t\t\t<\/div>\n\t\t<div class=\"elementor-element elementor-element-d4aace3 e-con-full e-flex e-con e-parent\" data-id=\"d4aace3\" data-element_type=\"container\" data-e-type=\"container\" data-settings=\"{&quot;background_background&quot;:&quot;classic&quot;}\">\n\t\t\t\t<div class=\"elementor-element elementor-element-1384d1f elementor-widget elementor-widget-text-editor\" data-id=\"1384d1f\" data-element_type=\"widget\" data-e-type=\"widget\" data-widget_type=\"text-editor.default\">\n\t\t\t\t<div class=\"elementor-widget-container\">\n\t\t\t\t\t\t\t\t\t<p><img decoding=\"async\" class=\"alignnone wp-image-320 size-full\" src=\"http:\/\/lafabrica.gt\/wp-content\/uploads\/2024\/04\/nosotros2.jpg\" alt=\"\" width=\"474\" height=\"132\" srcset=\"https:\/\/lafabrica.gt\/wp-content\/uploads\/2024\/04\/nosotros2.jpg 474w, https:\/\/lafabrica.gt\/wp-content\/uploads\/2024\/04\/nosotros2-300x84.jpg 300w\" sizes=\"(max-width: 474px) 100vw, 474px\" \/><\/p>\t\t\t\t\t\t\t\t<\/div>\n\t\t\t\t<\/div>\n\t\t\t\t<\/div>\n\t\t<div class=\"elementor-element elementor-element-86de150 e-flex e-con-boxed e-con e-parent\" data-id=\"86de150\" data-element_type=\"container\" data-e-type=\"container\">\n\t\t\t\t\t<div class=\"e-con-inner\">\n\t\t\t\t<div class=\"elementor-element elementor-element-1c82675 elementor-widget elementor-widget-text-editor\" data-id=\"1c82675\" data-element_type=\"widget\" data-e-type=\"widget\" data-widget_type=\"text-editor.default\">\n\t\t\t\t<div class=\"elementor-widget-container\">\n\t\t\t\t\t\t\t\t\t<p><img decoding=\"async\" class=\"wp-image-297  alignnone\" src=\"http:\/\/lafabrica.gt\/wp-content\/uploads\/2024\/04\/logoweb1-1-300x99.png\" alt=\"\" width=\"212\" height=\"70\" srcset=\"https:\/\/lafabrica.gt\/wp-content\/uploads\/2024\/04\/logoweb1-1-300x99.png 300w, https:\/\/lafabrica.gt\/wp-content\/uploads\/2024\/04\/logoweb1-1.png 500w\" sizes=\"(max-width: 212px) 100vw, 212px\" \/>al servicio de las peque\u00f1as empresas desde 2020.<br \/>La calidad, la innovaci\u00f3n, la profesionalidad y la pasi\u00f3n por nuestro trabajo, junto con la clara vocaci\u00f3n de servicio, hacen y har\u00e1n de <strong>La F\u00e1brica<\/strong> una empresa de referencia.<\/p>\t\t\t\t\t\t\t\t<\/div>\n\t\t\t\t<\/div>\n\t\t\t\t\t<\/div>\n\t\t\t\t<\/div>\n\t\t<div class=\"elementor-element elementor-element-706e384 e-flex e-con-boxed e-con e-parent\" data-id=\"706e384\" data-element_type=\"container\" data-e-type=\"container\">\n\t\t\t\t\t<div class=\"e-con-inner\">\n\t\t<div class=\"elementor-element elementor-element-3c17770 e-con-full e-flex e-con e-child\" data-id=\"3c17770\" data-element_type=\"container\" data-e-type=\"container\">\n\t\t\t\t<div class=\"elementor-element elementor-element-100f850 elementor-widget elementor-widget-text-editor\" data-id=\"100f850\" data-element_type=\"widget\" data-e-type=\"widget\" data-widget_type=\"text-editor.default\">\n\t\t\t\t<div class=\"elementor-widget-container\">\n\t\t\t\t\t\t\t\t\t<p><img loading=\"lazy\" decoding=\"async\" class=\"wp-image-307 size-full aligncenter\" src=\"http:\/\/lafabrica.gt\/wp-content\/uploads\/2024\/04\/mision.jpg\" alt=\"\" width=\"960\" height=\"560\" srcset=\"https:\/\/lafabrica.gt\/wp-content\/uploads\/2024\/04\/mision.jpg 960w, https:\/\/lafabrica.gt\/wp-content\/uploads\/2024\/04\/mision-300x175.jpg 300w, https:\/\/lafabrica.gt\/wp-content\/uploads\/2024\/04\/mision-768x448.jpg 768w\" sizes=\"(max-width: 960px) 100vw, 960px\" \/><\/p>\t\t\t\t\t\t\t\t<\/div>\n\t\t\t\t<\/div>\n\t\t\t\t<\/div>\n\t\t<div class=\"elementor-element elementor-element-fbd6956 e-con-full e-flex e-con e-child\" data-id=\"fbd6956\" data-element_type=\"container\" data-e-type=\"container\">\n\t\t\t\t<div class=\"elementor-element elementor-element-b61a0a9 elementor-widget elementor-widget-text-editor\" data-id=\"b61a0a9\" data-element_type=\"widget\" data-e-type=\"widget\" data-widget_type=\"text-editor.default\">\n\t\t\t\t<div class=\"elementor-widget-container\">\n\t\t\t\t\t\t\t\t\t<p><img loading=\"lazy\" decoding=\"async\" class=\"alignnone size-full wp-image-308\" src=\"http:\/\/lafabrica.gt\/wp-content\/uploads\/2024\/04\/vision.jpg\" alt=\"\" width=\"960\" height=\"560\" srcset=\"https:\/\/lafabrica.gt\/wp-content\/uploads\/2024\/04\/vision.jpg 960w, https:\/\/lafabrica.gt\/wp-content\/uploads\/2024\/04\/vision-300x175.jpg 300w, https:\/\/lafabrica.gt\/wp-content\/uploads\/2024\/04\/vision-768x448.jpg 768w\" sizes=\"(max-width: 960px) 100vw, 960px\" \/><\/p>\t\t\t\t\t\t\t\t<\/div>\n\t\t\t\t<\/div>\n\t\t\t\t<\/div>\n\t\t\t\t\t<\/div>\n\t\t\t\t<\/div>\n\t\t<div class=\"elementor-element elementor-element-9410a33 e-con-full e-flex e-con e-parent\" data-id=\"9410a33\" data-element_type=\"container\" data-e-type=\"container\" data-settings=\"{&quot;background_background&quot;:&quot;classic&quot;}\">\n\t\t<div class=\"elementor-element elementor-element-252c4e3 e-con-full e-flex e-con e-child\" data-id=\"252c4e3\" data-element_type=\"container\" data-e-type=\"container\">\n\t\t\t\t<div class=\"elementor-element elementor-element-dc9df6d elementor-widget elementor-widget-text-editor\" data-id=\"dc9df6d\" data-element_type=\"widget\" data-e-type=\"widget\" data-widget_type=\"text-editor.default\">\n\t\t\t\t<div class=\"elementor-widget-container\">\n\t\t\t\t\t\t\t\t\t<p>\u00a0 \u00a0 \u00a0 \u00a0 \u00a0<a href=\"https:\/\/www.facebook.com\/lafabrica.colors\" target=\"_blank\" rel=\"noopener\"><img loading=\"lazy\" decoding=\"async\" class=\"alignnone size-full wp-image-226\" src=\"http:\/\/lafabrica.gt\/wp-content\/uploads\/2024\/04\/ifb1.jpg\" alt=\"\" width=\"40\" height=\"40\" \/><\/a>\u00a0 \u00a0 \u00a0<img loading=\"lazy\" decoding=\"async\" class=\"alignnone size-full wp-image-227\" src=\"http:\/\/lafabrica.gt\/wp-content\/uploads\/2024\/04\/iig.jpg\" alt=\"\" width=\"41\" height=\"40\" \/>\u00a0<\/p>\t\t\t\t\t\t\t\t<\/div>\n\t\t\t\t<\/div>\n\t\t\t\t<\/div>\n\t\t<div class=\"elementor-element elementor-element-b517c49 e-con-full e-flex e-con e-child\" data-id=\"b517c49\" data-element_type=\"container\" data-e-type=\"container\">\n\t\t\t\t<div class=\"elementor-element elementor-element-d7e8d77 elementor-widget elementor-widget-text-editor\" data-id=\"d7e8d77\" data-element_type=\"widget\" data-e-type=\"widget\" data-widget_type=\"text-editor.default\">\n\t\t\t\t<div class=\"elementor-widget-container\">\n\t\t\t\t\t\t\t\t\t<p>T\u00fa lo necesitas. Nosotros te lo imprimimos. Y te encanta.<\/p>\t\t\t\t\t\t\t\t<\/div>\n\t\t\t\t<\/div>\n\t\t\t\t<\/div>\n\t\t\t\t<\/div>\n\t\t\t\t<\/div>\n\t\t","protected":false},"excerpt":{"rendered":"<p>al servicio de las peque\u00f1as empresas desde 2020.La calidad, la innovaci\u00f3n, la profesionalidad y la pasi\u00f3n por nuestro trabajo, junto con la clara vocaci\u00f3n de servicio, hacen y har\u00e1n de La F\u00e1brica<a class=\"moretag\" href=\"https:\/\/lafabrica.gt\/index.php\/sobre-nosotros\/\">Read More&#8230;<\/a><\/p>\n","protected":false},"author":1,"featured_media":0,"parent":0,"menu_order":0,"comment_status":"closed","ping_status":"closed","template":"elementor_canvas","meta":{"footnotes":""},"class_list":["post-268","page","type-page","status-publish","hentry"],"_links":{"self":[{"href":"https:\/\/lafabrica.gt\/index.php\/wp-json\/wp\/v2\/pages\/268","targetHints":{"allow":["GET"]}}],"collection":[{"href":"https:\/\/lafabrica.gt\/index.php\/wp-json\/wp\/v2\/pages"}],"about":[{"href":"https:\/\/lafabrica.gt\/index.php\/wp-json\/wp\/v2\/types\/page"}],"author":[{"embeddable":true,"href":"https:\/\/lafabrica.gt\/index.php\/wp-json\/wp\/v2\/users\/1"}],"replies":[{"embeddable":true,"href":"https:\/\/lafabrica.gt\/index.php\/wp-json\/wp\/v2\/comments?post=268"}],"version-history":[{"count":31,"href":"https:\/\/lafabrica.gt\/index.php\/wp-json\/wp\/v2\/pages\/268\/revisions"}],"predecessor-version":[{"id":368,"href":"https:\/\/lafabrica.gt\/index.php\/wp-json\/wp\/v2\/pages\/268\/revisions\/368"}],"wp:attachment":[{"href":"https:\/\/lafabrica.gt\/index.php\/wp-json\/wp\/v2\/media?parent=268"}],"curies":[{"name":"wp","href":"https:\/\/api.w.org\/{rel}","templated":true}]}}