{"id":9,"date":"2024-01-25T03:44:51","date_gmt":"2024-01-25T02:44:51","guid":{"rendered":"https:\/\/lafabrica.gt\/?page_id=9"},"modified":"2024-04-08T18:51:47","modified_gmt":"2024-04-08T16:51:47","slug":"inicio","status":"publish","type":"page","link":"https:\/\/lafabrica.gt\/","title":{"rendered":"INICIO"},"content":{"rendered":"\t\t<div data-elementor-type=\"wp-page\" data-elementor-id=\"9\" class=\"elementor elementor-9\" data-elementor-post-type=\"page\">\n\t\t\t\t<div class=\"elementor-element elementor-element-240cb4e e-con-full e-flex e-con e-parent\" data-id=\"240cb4e\" data-element_type=\"container\" data-e-type=\"container\" data-settings=\"{&quot;background_background&quot;:&quot;classic&quot;,&quot;sticky&quot;:&quot;top&quot;,&quot;sticky_on&quot;:[&quot;desktop&quot;,&quot;tablet&quot;,&quot;mobile&quot;],&quot;sticky_offset&quot;:0,&quot;sticky_effects_offset&quot;:0,&quot;sticky_anchor_link_offset&quot;:0}\">\n\t\t<div class=\"elementor-element elementor-element-245c555 e-con-full e-flex e-con e-child\" data-id=\"245c555\" data-element_type=\"container\" data-e-type=\"container\">\n\t\t\t\t<div class=\"elementor-element elementor-element-da89a93 elementor-widget elementor-widget-text-editor\" data-id=\"da89a93\" data-element_type=\"widget\" data-e-type=\"widget\" data-widget_type=\"text-editor.default\">\n\t\t\t\t<div class=\"elementor-widget-container\">\n\t\t\t\t\t\t\t\t\t<p><a href=\"https:\/\/lafabrica.gt\"><img fetchpriority=\"high\" decoding=\"async\" class=\"alignnone wp-image-33 size-full\" src=\"http:\/\/lafabrica.gt\/wp-content\/uploads\/2024\/04\/logoweb1.png\" alt=\"\" width=\"500\" height=\"165\" srcset=\"https:\/\/lafabrica.gt\/wp-content\/uploads\/2024\/04\/logoweb1.png 500w, https:\/\/lafabrica.gt\/wp-content\/uploads\/2024\/04\/logoweb1-300x99.png 300w\" sizes=\"(max-width: 500px) 100vw, 500px\" \/><\/a><\/p>\t\t\t\t\t\t\t\t<\/div>\n\t\t\t\t<\/div>\n\t\t\t\t<\/div>\n\t\t<div class=\"elementor-element elementor-element-a25aa54 e-con-full e-flex e-con e-child\" data-id=\"a25aa54\" data-element_type=\"container\" data-e-type=\"container\">\n\t\t\t\t<div class=\"elementor-element elementor-element-a95f680 elementor-nav-menu__align-center elementor-nav-menu--stretch elementor-nav-menu--dropdown-tablet elementor-nav-menu__text-align-aside elementor-nav-menu--toggle elementor-nav-menu--burger elementor-widget elementor-widget-nav-menu\" data-id=\"a95f680\" data-element_type=\"widget\" data-e-type=\"widget\" data-settings=\"{&quot;full_width&quot;:&quot;stretch&quot;,&quot;layout&quot;:&quot;horizontal&quot;,&quot;submenu_icon&quot;:{&quot;value&quot;:&quot;&lt;svg class=\\&quot;e-font-icon-svg e-fas-caret-down\\&quot; viewBox=\\&quot;0 0 320 512\\&quot; xmlns=\\&quot;http:\\\/\\\/www.w3.org\\\/2000\\\/svg\\&quot;&gt;&lt;path d=\\&quot;M31.3 192h257.3c17.8 0 26.7 21.5 14.1 34.1L174.1 354.8c-7.8 7.8-20.5 7.8-28.3 0L17.2 226.1C4.6 213.5 13.5 192 31.3 192z\\&quot;&gt;&lt;\\\/path&gt;&lt;\\\/svg&gt;&quot;,&quot;library&quot;:&quot;fa-solid&quot;},&quot;toggle&quot;:&quot;burger&quot;}\" data-widget_type=\"nav-menu.default\">\n\t\t\t\t<div class=\"elementor-widget-container\">\n\t\t\t\t\t\t\t\t<nav aria-label=\"Menu\" class=\"elementor-nav-menu--main elementor-nav-menu__container elementor-nav-menu--layout-horizontal e--pointer-underline e--animation-fade\">\n\t\t\t\t<ul id=\"menu-1-a95f680\" class=\"elementor-nav-menu\"><li class=\"menu-item menu-item-type-post_type menu-item-object-page menu-item-home menu-item-274\"><a href=\"https:\/\/lafabrica.gt\/\" class=\"elementor-item\">Servicios<\/a><\/li>\n<li class=\"menu-item menu-item-type-post_type menu-item-object-page menu-item-277\"><a href=\"https:\/\/lafabrica.gt\/index.php\/sobre-nosotros\/\" class=\"elementor-item\">Sobre Nosotros<\/a><\/li>\n<li class=\"menu-item menu-item-type-post_type menu-item-object-page menu-item-275\"><a href=\"https:\/\/lafabrica.gt\/index.php\/contactanos\/\" class=\"elementor-item\">Cont\u00e1ctanos<\/a><\/li>\n<li class=\"menu-item menu-item-type-post_type menu-item-object-page menu-item-276\"><a href=\"https:\/\/lafabrica.gt\/index.php\/cotiza\/\" class=\"elementor-item\">Cotiza<\/a><\/li>\n<\/ul>\t\t\t<\/nav>\n\t\t\t\t\t<div class=\"elementor-menu-toggle\" role=\"button\" tabindex=\"0\" aria-label=\"Menu Toggle\" aria-expanded=\"false\">\n\t\t\t<svg aria-hidden=\"true\" role=\"presentation\" class=\"elementor-menu-toggle__icon--open e-font-icon-svg e-eicon-menu-bar\" viewBox=\"0 0 1000 1000\" xmlns=\"http:\/\/www.w3.org\/2000\/svg\"><path d=\"M104 333H896C929 333 958 304 958 271S929 208 896 208H104C71 208 42 237 42 271S71 333 104 333ZM104 583H896C929 583 958 554 958 521S929 458 896 458H104C71 458 42 487 42 521S71 583 104 583ZM104 833H896C929 833 958 804 958 771S929 708 896 708H104C71 708 42 737 42 771S71 833 104 833Z\"><\/path><\/svg><svg aria-hidden=\"true\" role=\"presentation\" class=\"elementor-menu-toggle__icon--close e-font-icon-svg e-eicon-close\" viewBox=\"0 0 1000 1000\" xmlns=\"http:\/\/www.w3.org\/2000\/svg\"><path d=\"M742 167L500 408 258 167C246 154 233 150 217 150 196 150 179 158 167 167 154 179 150 196 150 212 150 229 154 242 171 254L408 500 167 742C138 771 138 800 167 829 196 858 225 858 254 829L496 587 738 829C750 842 767 846 783 846 800 846 817 842 829 829 842 817 846 804 846 783 846 767 842 750 829 737L588 500 833 258C863 229 863 200 833 171 804 137 775 137 742 167Z\"><\/path><\/svg>\t\t<\/div>\n\t\t\t\t\t<nav class=\"elementor-nav-menu--dropdown elementor-nav-menu__container\" aria-hidden=\"true\">\n\t\t\t\t<ul id=\"menu-2-a95f680\" class=\"elementor-nav-menu\"><li class=\"menu-item menu-item-type-post_type menu-item-object-page menu-item-home menu-item-274\"><a href=\"https:\/\/lafabrica.gt\/\" class=\"elementor-item\" tabindex=\"-1\">Servicios<\/a><\/li>\n<li class=\"menu-item menu-item-type-post_type menu-item-object-page menu-item-277\"><a href=\"https:\/\/lafabrica.gt\/index.php\/sobre-nosotros\/\" class=\"elementor-item\" tabindex=\"-1\">Sobre Nosotros<\/a><\/li>\n<li class=\"menu-item menu-item-type-post_type menu-item-object-page menu-item-275\"><a href=\"https:\/\/lafabrica.gt\/index.php\/contactanos\/\" class=\"elementor-item\" tabindex=\"-1\">Cont\u00e1ctanos<\/a><\/li>\n<li class=\"menu-item menu-item-type-post_type menu-item-object-page menu-item-276\"><a href=\"https:\/\/lafabrica.gt\/index.php\/cotiza\/\" class=\"elementor-item\" tabindex=\"-1\">Cotiza<\/a><\/li>\n<\/ul>\t\t\t<\/nav>\n\t\t\t\t\t\t<\/div>\n\t\t\t\t<\/div>\n\t\t\t\t<\/div>\n\t\t\t\t<\/div>\n\t\t<div class=\"elementor-element elementor-element-d4aace3 e-con-full e-flex e-con e-parent\" data-id=\"d4aace3\" data-element_type=\"container\" data-e-type=\"container\" data-settings=\"{&quot;background_background&quot;:&quot;classic&quot;}\">\n\t\t\t\t<div class=\"elementor-element elementor-element-1384d1f elementor-widget elementor-widget-text-editor\" data-id=\"1384d1f\" data-element_type=\"widget\" data-e-type=\"widget\" data-widget_type=\"text-editor.default\">\n\t\t\t\t<div class=\"elementor-widget-container\">\n\t\t\t\t\t\t\t\t\t<p><img decoding=\"async\" class=\"alignnone wp-image-88 size-full\" src=\"http:\/\/lafabrica.gt\/wp-content\/uploads\/2024\/04\/textoservicios5.jpg\" alt=\"\" width=\"350\" height=\"132\" srcset=\"https:\/\/lafabrica.gt\/wp-content\/uploads\/2024\/04\/textoservicios5.jpg 350w, https:\/\/lafabrica.gt\/wp-content\/uploads\/2024\/04\/textoservicios5-300x113.jpg 300w\" sizes=\"(max-width: 350px) 100vw, 350px\" \/><\/p>\t\t\t\t\t\t\t\t<\/div>\n\t\t\t\t<\/div>\n\t\t\t\t<\/div>\n\t\t<div class=\"elementor-element elementor-element-39fd699 e-con-full e-flex e-con e-parent\" data-id=\"39fd699\" data-element_type=\"container\" data-e-type=\"container\">\n\t\t<div class=\"elementor-element elementor-element-a9b7c3a e-con-full e-flex e-con e-child\" data-id=\"a9b7c3a\" data-element_type=\"container\" data-e-type=\"container\">\n\t\t\t\t<div class=\"elementor-element elementor-element-ef89795 elementor-widget elementor-widget-text-editor\" data-id=\"ef89795\" data-element_type=\"widget\" data-e-type=\"widget\" data-widget_type=\"text-editor.default\">\n\t\t\t\t<div class=\"elementor-widget-container\">\n\t\t\t\t\t\t\t\t\t<p><img decoding=\"async\" class=\"alignnone size-full wp-image-126\" src=\"http:\/\/lafabrica.gt\/wp-content\/uploads\/2024\/04\/individuales.jpg\" alt=\"\" width=\"1000\" height=\"985\" srcset=\"https:\/\/lafabrica.gt\/wp-content\/uploads\/2024\/04\/individuales.jpg 1000w, https:\/\/lafabrica.gt\/wp-content\/uploads\/2024\/04\/individuales-300x296.jpg 300w, https:\/\/lafabrica.gt\/wp-content\/uploads\/2024\/04\/individuales-768x756.jpg 768w\" sizes=\"(max-width: 1000px) 100vw, 1000px\" \/><\/p>\t\t\t\t\t\t\t\t<\/div>\n\t\t\t\t<\/div>\n\t\t\t\t<\/div>\n\t\t<div class=\"elementor-element elementor-element-2a382cb e-con-full e-flex e-con e-child\" data-id=\"2a382cb\" data-element_type=\"container\" data-e-type=\"container\">\n\t\t\t\t<div class=\"elementor-element elementor-element-ede4a22 elementor-widget elementor-widget-text-editor\" data-id=\"ede4a22\" data-element_type=\"widget\" data-e-type=\"widget\" data-widget_type=\"text-editor.default\">\n\t\t\t\t<div class=\"elementor-widget-container\">\n\t\t\t\t\t\t\t\t\t<p><img loading=\"lazy\" decoding=\"async\" class=\"alignnone wp-image-148 size-full\" src=\"http:\/\/lafabrica.gt\/wp-content\/uploads\/2024\/04\/trifoliares.jpg\" alt=\"\" width=\"1000\" height=\"985\" srcset=\"https:\/\/lafabrica.gt\/wp-content\/uploads\/2024\/04\/trifoliares.jpg 1000w, https:\/\/lafabrica.gt\/wp-content\/uploads\/2024\/04\/trifoliares-300x296.jpg 300w, https:\/\/lafabrica.gt\/wp-content\/uploads\/2024\/04\/trifoliares-768x756.jpg 768w\" sizes=\"(max-width: 1000px) 100vw, 1000px\" \/><\/p>\t\t\t\t\t\t\t\t<\/div>\n\t\t\t\t<\/div>\n\t\t\t\t<\/div>\n\t\t<div class=\"elementor-element elementor-element-a85fd8c e-con-full e-flex e-con e-child\" data-id=\"a85fd8c\" data-element_type=\"container\" data-e-type=\"container\">\n\t\t\t\t<div class=\"elementor-element elementor-element-213f193 elementor-widget elementor-widget-text-editor\" data-id=\"213f193\" data-element_type=\"widget\" data-e-type=\"widget\" data-widget_type=\"text-editor.default\">\n\t\t\t\t<div class=\"elementor-widget-container\">\n\t\t\t\t\t\t\t\t\t<p><img loading=\"lazy\" decoding=\"async\" class=\"alignnone wp-image-139 size-full\" src=\"http:\/\/lafabrica.gt\/wp-content\/uploads\/2024\/04\/afiches.jpg\" alt=\"\" width=\"1000\" height=\"985\" srcset=\"https:\/\/lafabrica.gt\/wp-content\/uploads\/2024\/04\/afiches.jpg 1000w, https:\/\/lafabrica.gt\/wp-content\/uploads\/2024\/04\/afiches-300x296.jpg 300w, https:\/\/lafabrica.gt\/wp-content\/uploads\/2024\/04\/afiches-768x756.jpg 768w\" sizes=\"(max-width: 1000px) 100vw, 1000px\" \/><\/p>\t\t\t\t\t\t\t\t<\/div>\n\t\t\t\t<\/div>\n\t\t\t\t<\/div>\n\t\t<div class=\"elementor-element elementor-element-2ac3a90 e-con-full e-flex e-con e-child\" data-id=\"2ac3a90\" data-element_type=\"container\" data-e-type=\"container\">\n\t\t\t\t<div class=\"elementor-element elementor-element-2bd2f83 elementor-widget elementor-widget-text-editor\" data-id=\"2bd2f83\" data-element_type=\"widget\" data-e-type=\"widget\" data-widget_type=\"text-editor.default\">\n\t\t\t\t<div class=\"elementor-widget-container\">\n\t\t\t\t\t\t\t\t\t<p><img loading=\"lazy\" decoding=\"async\" class=\"alignnone wp-image-140 size-full\" src=\"http:\/\/lafabrica.gt\/wp-content\/uploads\/2024\/04\/calendarios.jpg\" alt=\"\" width=\"1000\" height=\"985\" srcset=\"https:\/\/lafabrica.gt\/wp-content\/uploads\/2024\/04\/calendarios.jpg 1000w, https:\/\/lafabrica.gt\/wp-content\/uploads\/2024\/04\/calendarios-300x296.jpg 300w, https:\/\/lafabrica.gt\/wp-content\/uploads\/2024\/04\/calendarios-768x756.jpg 768w\" sizes=\"(max-width: 1000px) 100vw, 1000px\" \/><\/p>\t\t\t\t\t\t\t\t<\/div>\n\t\t\t\t<\/div>\n\t\t\t\t<\/div>\n\t\t<div class=\"elementor-element elementor-element-7597499 e-con-full e-flex e-con e-child\" data-id=\"7597499\" data-element_type=\"container\" data-e-type=\"container\">\n\t\t\t\t<div class=\"elementor-element elementor-element-d009b09 elementor-widget elementor-widget-text-editor\" data-id=\"d009b09\" data-element_type=\"widget\" data-e-type=\"widget\" data-widget_type=\"text-editor.default\">\n\t\t\t\t<div class=\"elementor-widget-container\">\n\t\t\t\t\t\t\t\t\t<p><img loading=\"lazy\" decoding=\"async\" class=\"alignnone wp-image-142 size-full\" src=\"http:\/\/lafabrica.gt\/wp-content\/uploads\/2024\/04\/menus.jpg\" alt=\"\" width=\"1000\" height=\"985\" srcset=\"https:\/\/lafabrica.gt\/wp-content\/uploads\/2024\/04\/menus.jpg 1000w, https:\/\/lafabrica.gt\/wp-content\/uploads\/2024\/04\/menus-300x296.jpg 300w, https:\/\/lafabrica.gt\/wp-content\/uploads\/2024\/04\/menus-768x756.jpg 768w\" sizes=\"(max-width: 1000px) 100vw, 1000px\" \/><\/p>\t\t\t\t\t\t\t\t<\/div>\n\t\t\t\t<\/div>\n\t\t\t\t<\/div>\n\t\t<div class=\"elementor-element elementor-element-7447c45 e-con-full e-flex e-con e-child\" data-id=\"7447c45\" data-element_type=\"container\" data-e-type=\"container\">\n\t\t\t\t<div class=\"elementor-element elementor-element-8ea2d27 elementor-widget elementor-widget-text-editor\" data-id=\"8ea2d27\" data-element_type=\"widget\" data-e-type=\"widget\" data-widget_type=\"text-editor.default\">\n\t\t\t\t<div class=\"elementor-widget-container\">\n\t\t\t\t\t\t\t\t\t<p><img loading=\"lazy\" decoding=\"async\" class=\"alignnone wp-image-149 size-full\" src=\"http:\/\/lafabrica.gt\/wp-content\/uploads\/2024\/04\/vales.jpg\" alt=\"\" width=\"1000\" height=\"985\" srcset=\"https:\/\/lafabrica.gt\/wp-content\/uploads\/2024\/04\/vales.jpg 1000w, https:\/\/lafabrica.gt\/wp-content\/uploads\/2024\/04\/vales-300x296.jpg 300w, https:\/\/lafabrica.gt\/wp-content\/uploads\/2024\/04\/vales-768x756.jpg 768w\" sizes=\"(max-width: 1000px) 100vw, 1000px\" \/><\/p>\t\t\t\t\t\t\t\t<\/div>\n\t\t\t\t<\/div>\n\t\t\t\t<\/div>\n\t\t\t\t<\/div>\n\t\t<div class=\"elementor-element elementor-element-6c7d659 e-con-full e-flex e-con e-parent\" data-id=\"6c7d659\" data-element_type=\"container\" data-e-type=\"container\">\n\t\t<div class=\"elementor-element elementor-element-999dada e-con-full e-flex e-con e-child\" data-id=\"999dada\" data-element_type=\"container\" data-e-type=\"container\">\n\t\t\t\t<div class=\"elementor-element elementor-element-e976fe5 elementor-widget elementor-widget-text-editor\" data-id=\"e976fe5\" data-element_type=\"widget\" data-e-type=\"widget\" data-widget_type=\"text-editor.default\">\n\t\t\t\t<div class=\"elementor-widget-container\">\n\t\t\t\t\t\t\t\t\t<p><img loading=\"lazy\" decoding=\"async\" class=\"alignnone wp-image-150 size-full\" src=\"http:\/\/lafabrica.gt\/wp-content\/uploads\/2024\/04\/volantes.jpg\" alt=\"\" width=\"1000\" height=\"895\" srcset=\"https:\/\/lafabrica.gt\/wp-content\/uploads\/2024\/04\/volantes.jpg 1000w, https:\/\/lafabrica.gt\/wp-content\/uploads\/2024\/04\/volantes-300x269.jpg 300w, https:\/\/lafabrica.gt\/wp-content\/uploads\/2024\/04\/volantes-768x687.jpg 768w\" sizes=\"(max-width: 1000px) 100vw, 1000px\" \/><\/p>\t\t\t\t\t\t\t\t<\/div>\n\t\t\t\t<\/div>\n\t\t\t\t<\/div>\n\t\t<div class=\"elementor-element elementor-element-9434b3c e-con-full e-flex e-con e-child\" data-id=\"9434b3c\" data-element_type=\"container\" data-e-type=\"container\">\n\t\t\t\t<div class=\"elementor-element elementor-element-d7606b5 elementor-widget elementor-widget-text-editor\" data-id=\"d7606b5\" data-element_type=\"widget\" data-e-type=\"widget\" data-widget_type=\"text-editor.default\">\n\t\t\t\t<div class=\"elementor-widget-container\">\n\t\t\t\t\t\t\t\t\t<p><img loading=\"lazy\" decoding=\"async\" class=\"alignnone wp-image-141 size-full\" src=\"http:\/\/lafabrica.gt\/wp-content\/uploads\/2024\/04\/etiquetas.jpg\" alt=\"\" width=\"1000\" height=\"985\" srcset=\"https:\/\/lafabrica.gt\/wp-content\/uploads\/2024\/04\/etiquetas.jpg 1000w, https:\/\/lafabrica.gt\/wp-content\/uploads\/2024\/04\/etiquetas-300x296.jpg 300w, https:\/\/lafabrica.gt\/wp-content\/uploads\/2024\/04\/etiquetas-768x756.jpg 768w\" sizes=\"(max-width: 1000px) 100vw, 1000px\" \/><\/p>\t\t\t\t\t\t\t\t<\/div>\n\t\t\t\t<\/div>\n\t\t\t\t<\/div>\n\t\t<div class=\"elementor-element elementor-element-2713b4c e-con-full e-flex e-con e-child\" data-id=\"2713b4c\" data-element_type=\"container\" data-e-type=\"container\">\n\t\t\t\t<div class=\"elementor-element elementor-element-35f2ef8 elementor-widget elementor-widget-text-editor\" data-id=\"35f2ef8\" data-element_type=\"widget\" data-e-type=\"widget\" data-widget_type=\"text-editor.default\">\n\t\t\t\t<div class=\"elementor-widget-container\">\n\t\t\t\t\t\t\t\t\t<p><img loading=\"lazy\" decoding=\"async\" class=\"alignnone wp-image-143 size-full\" src=\"http:\/\/lafabrica.gt\/wp-content\/uploads\/2024\/04\/papelfoto.jpg\" alt=\"\" width=\"1000\" height=\"985\" srcset=\"https:\/\/lafabrica.gt\/wp-content\/uploads\/2024\/04\/papelfoto.jpg 1000w, https:\/\/lafabrica.gt\/wp-content\/uploads\/2024\/04\/papelfoto-300x296.jpg 300w, https:\/\/lafabrica.gt\/wp-content\/uploads\/2024\/04\/papelfoto-768x756.jpg 768w\" sizes=\"(max-width: 1000px) 100vw, 1000px\" \/><\/p>\t\t\t\t\t\t\t\t<\/div>\n\t\t\t\t<\/div>\n\t\t\t\t<\/div>\n\t\t<div class=\"elementor-element elementor-element-c8cf05b e-con-full e-flex e-con e-child\" data-id=\"c8cf05b\" data-element_type=\"container\" data-e-type=\"container\">\n\t\t\t\t<div class=\"elementor-element elementor-element-4db04f6 elementor-widget elementor-widget-text-editor\" data-id=\"4db04f6\" data-element_type=\"widget\" data-e-type=\"widget\" data-widget_type=\"text-editor.default\">\n\t\t\t\t<div class=\"elementor-widget-container\">\n\t\t\t\t\t\t\t\t\t<p><img loading=\"lazy\" decoding=\"async\" class=\"alignnone wp-image-144 size-full\" src=\"http:\/\/lafabrica.gt\/wp-content\/uploads\/2024\/04\/posters.jpg\" alt=\"\" width=\"1000\" height=\"985\" srcset=\"https:\/\/lafabrica.gt\/wp-content\/uploads\/2024\/04\/posters.jpg 1000w, https:\/\/lafabrica.gt\/wp-content\/uploads\/2024\/04\/posters-300x296.jpg 300w, https:\/\/lafabrica.gt\/wp-content\/uploads\/2024\/04\/posters-768x756.jpg 768w\" sizes=\"(max-width: 1000px) 100vw, 1000px\" \/><\/p>\t\t\t\t\t\t\t\t<\/div>\n\t\t\t\t<\/div>\n\t\t\t\t<\/div>\n\t\t<div class=\"elementor-element elementor-element-4603538 e-con-full e-flex e-con e-child\" data-id=\"4603538\" data-element_type=\"container\" data-e-type=\"container\">\n\t\t\t\t<div class=\"elementor-element elementor-element-5f36b8a elementor-widget elementor-widget-text-editor\" data-id=\"5f36b8a\" data-element_type=\"widget\" data-e-type=\"widget\" data-widget_type=\"text-editor.default\">\n\t\t\t\t<div class=\"elementor-widget-container\">\n\t\t\t\t\t\t\t\t\t<p><img loading=\"lazy\" decoding=\"async\" class=\"alignnone wp-image-147 size-full\" src=\"http:\/\/lafabrica.gt\/wp-content\/uploads\/2024\/04\/stickersventanas.jpg\" alt=\"\" width=\"1000\" height=\"985\" srcset=\"https:\/\/lafabrica.gt\/wp-content\/uploads\/2024\/04\/stickersventanas.jpg 1000w, https:\/\/lafabrica.gt\/wp-content\/uploads\/2024\/04\/stickersventanas-300x296.jpg 300w, https:\/\/lafabrica.gt\/wp-content\/uploads\/2024\/04\/stickersventanas-768x756.jpg 768w\" sizes=\"(max-width: 1000px) 100vw, 1000px\" \/><\/p>\t\t\t\t\t\t\t\t<\/div>\n\t\t\t\t<\/div>\n\t\t\t\t<\/div>\n\t\t<div class=\"elementor-element elementor-element-27ab227 e-con-full e-flex e-con e-child\" data-id=\"27ab227\" data-element_type=\"container\" data-e-type=\"container\">\n\t\t\t\t<div class=\"elementor-element elementor-element-5baac24 elementor-widget elementor-widget-text-editor\" data-id=\"5baac24\" data-element_type=\"widget\" data-e-type=\"widget\" data-widget_type=\"text-editor.default\">\n\t\t\t\t<div class=\"elementor-widget-container\">\n\t\t\t\t\t\t\t\t\t<p><img loading=\"lazy\" decoding=\"async\" class=\"alignnone wp-image-146 size-full\" src=\"http:\/\/lafabrica.gt\/wp-content\/uploads\/2024\/04\/stickers.jpg\" alt=\"\" width=\"1000\" height=\"985\" srcset=\"https:\/\/lafabrica.gt\/wp-content\/uploads\/2024\/04\/stickers.jpg 1000w, https:\/\/lafabrica.gt\/wp-content\/uploads\/2024\/04\/stickers-300x296.jpg 300w, https:\/\/lafabrica.gt\/wp-content\/uploads\/2024\/04\/stickers-768x756.jpg 768w\" sizes=\"(max-width: 1000px) 100vw, 1000px\" \/><\/p>\t\t\t\t\t\t\t\t<\/div>\n\t\t\t\t<\/div>\n\t\t\t\t<\/div>\n\t\t\t\t<\/div>\n\t\t<div class=\"elementor-element elementor-element-76980bf e-con-full e-flex e-con e-parent\" data-id=\"76980bf\" data-element_type=\"container\" data-e-type=\"container\">\n\t\t\t\t<div class=\"elementor-element elementor-element-8ae4dfd elementor-widget elementor-widget-image\" data-id=\"8ae4dfd\" data-element_type=\"widget\" data-e-type=\"widget\" data-widget_type=\"image.default\">\n\t\t\t\t<div class=\"elementor-widget-container\">\n\t\t\t\t\t\t\t\t\t\t\t\t\t\t\t<img loading=\"lazy\" decoding=\"async\" width=\"1920\" height=\"900\" src=\"https:\/\/lafabrica.gt\/wp-content\/uploads\/2024\/04\/servicios.jpg\" class=\"attachment-full size-full wp-image-208\" alt=\"\" srcset=\"https:\/\/lafabrica.gt\/wp-content\/uploads\/2024\/04\/servicios.jpg 1920w, https:\/\/lafabrica.gt\/wp-content\/uploads\/2024\/04\/servicios-300x141.jpg 300w, https:\/\/lafabrica.gt\/wp-content\/uploads\/2024\/04\/servicios-1024x480.jpg 1024w, https:\/\/lafabrica.gt\/wp-content\/uploads\/2024\/04\/servicios-768x360.jpg 768w, https:\/\/lafabrica.gt\/wp-content\/uploads\/2024\/04\/servicios-1536x720.jpg 1536w\" sizes=\"(max-width: 1920px) 100vw, 1920px\" \/>\t\t\t\t\t\t\t\t\t\t\t\t\t\t\t<\/div>\n\t\t\t\t<\/div>\n\t\t\t\t<\/div>\n\t\t<div class=\"elementor-element elementor-element-86de150 e-flex e-con-boxed e-con e-parent\" data-id=\"86de150\" data-element_type=\"container\" data-e-type=\"container\">\n\t\t\t\t\t<div class=\"e-con-inner\">\n\t\t\t\t<div class=\"elementor-element elementor-element-1c82675 elementor-widget elementor-widget-text-editor\" data-id=\"1c82675\" data-element_type=\"widget\" data-e-type=\"widget\" data-widget_type=\"text-editor.default\">\n\t\t\t\t<div class=\"elementor-widget-container\">\n\t\t\t\t\t\t\t\t\t<h3><strong>Dise\u00f1o:<\/strong><\/h3><p>Nuestras herramientas hacen que el proceso sea lo m\u00e1s sencillo y claro posible y, adem\u00e1s, trabajamos continuamente para mejorar tu experiencia.<\/p><h3>Producto a juego:<\/h3><p>Nuestros dise\u00f1os se pueden utilizar en m\u00faltiples productos impresos, lo que har\u00e1 que te resulte muy f\u00e1cil crear un marketing uniforme y profesional.<\/p>\t\t\t\t\t\t\t\t<\/div>\n\t\t\t\t<\/div>\n\t\t\t\t\t<\/div>\n\t\t\t\t<\/div>\n\t\t<div class=\"elementor-element elementor-element-2c2e040 e-con-full e-flex e-con e-parent\" data-id=\"2c2e040\" data-element_type=\"container\" data-e-type=\"container\" data-settings=\"{&quot;background_background&quot;:&quot;classic&quot;}\">\n\t\t<div class=\"elementor-element elementor-element-5dc1507 e-con-full e-flex e-con e-child\" data-id=\"5dc1507\" data-element_type=\"container\" data-e-type=\"container\">\n\t\t\t\t<div class=\"elementor-element elementor-element-ef06998 elementor-widget elementor-widget-text-editor\" data-id=\"ef06998\" data-element_type=\"widget\" data-e-type=\"widget\" data-widget_type=\"text-editor.default\">\n\t\t\t\t<div class=\"elementor-widget-container\">\n\t\t\t\t\t\t\t\t\t<p>\u00a0 \u00a0 \u00a0 \u00a0 \u00a0<a href=\"https:\/\/www.facebook.com\/lafabrica.colors\" target=\"_blank\" rel=\"noopener\"><img loading=\"lazy\" decoding=\"async\" class=\"alignnone size-full wp-image-226\" src=\"http:\/\/lafabrica.gt\/wp-content\/uploads\/2024\/04\/ifb1.jpg\" alt=\"\" width=\"40\" height=\"40\" \/><\/a>\u00a0 \u00a0 \u00a0<img loading=\"lazy\" decoding=\"async\" class=\"alignnone size-full wp-image-227\" src=\"http:\/\/lafabrica.gt\/wp-content\/uploads\/2024\/04\/iig.jpg\" alt=\"\" width=\"41\" height=\"40\" \/>\u00a0<\/p>\t\t\t\t\t\t\t\t<\/div>\n\t\t\t\t<\/div>\n\t\t\t\t<\/div>\n\t\t<div class=\"elementor-element elementor-element-3052d43 e-con-full e-flex e-con e-child\" data-id=\"3052d43\" data-element_type=\"container\" data-e-type=\"container\">\n\t\t\t\t<div class=\"elementor-element elementor-element-40881e6 elementor-widget elementor-widget-text-editor\" data-id=\"40881e6\" data-element_type=\"widget\" data-e-type=\"widget\" data-widget_type=\"text-editor.default\">\n\t\t\t\t<div class=\"elementor-widget-container\">\n\t\t\t\t\t\t\t\t\t<p>T\u00fa lo necesitas. Nosotros te lo imprimimos. Y te encanta.<\/p>\t\t\t\t\t\t\t\t<\/div>\n\t\t\t\t<\/div>\n\t\t\t\t<\/div>\n\t\t\t\t<\/div>\n\t\t\t\t<\/div>\n\t\t","protected":false},"excerpt":{"rendered":"<p>Dise\u00f1o: Nuestras herramientas hacen que el proceso sea lo m\u00e1s sencillo y claro posible y, adem\u00e1s, trabajamos continuamente para mejorar tu experiencia. Producto a juego: Nuestros dise\u00f1os se pueden utilizar en m\u00faltiples<a class=\"moretag\" href=\"https:\/\/lafabrica.gt\/\">Read More&#8230;<\/a><\/p>\n","protected":false},"author":1,"featured_media":0,"parent":0,"menu_order":0,"comment_status":"closed","ping_status":"closed","template":"elementor_canvas","meta":{"footnotes":""},"class_list":["post-9","page","type-page","status-publish","hentry"],"_links":{"self":[{"href":"https:\/\/lafabrica.gt\/index.php\/wp-json\/wp\/v2\/pages\/9","targetHints":{"allow":["GET"]}}],"collection":[{"href":"https:\/\/lafabrica.gt\/index.php\/wp-json\/wp\/v2\/pages"}],"about":[{"href":"https:\/\/lafabrica.gt\/index.php\/wp-json\/wp\/v2\/types\/page"}],"author":[{"embeddable":true,"href":"https:\/\/lafabrica.gt\/index.php\/wp-json\/wp\/v2\/users\/1"}],"replies":[{"embeddable":true,"href":"https:\/\/lafabrica.gt\/index.php\/wp-json\/wp\/v2\/comments?post=9"}],"version-history":[{"count":232,"href":"https:\/\/lafabrica.gt\/index.php\/wp-json\/wp\/v2\/pages\/9\/revisions"}],"predecessor-version":[{"id":359,"href":"https:\/\/lafabrica.gt\/index.php\/wp-json\/wp\/v2\/pages\/9\/revisions\/359"}],"wp:attachment":[{"href":"https:\/\/lafabrica.gt\/index.php\/wp-json\/wp\/v2\/media?parent=9"}],"curies":[{"name":"wp","href":"https:\/\/api.w.org\/{rel}","templated":true}]}}